{"id":4074,"date":"2020-11-19T16:06:24","date_gmt":"2020-11-19T15:06:24","guid":{"rendered":"http:\/\/onlinetermiczne.abrys.pl\/?page_id=4074"},"modified":"2023-04-11T09:18:02","modified_gmt":"2023-04-11T07:18:02","slug":"materialy-do-pobrania","status":"publish","type":"page","link":"https:\/\/onlinezsee.abrys.pl\/index.php\/materialy-do-pobrania\/","title":{"rendered":"Materia\u0142y do pobrania"},"content":{"rendered":"<p>[vc_row][vc_column][vc_custom_heading text=&#8221;Zach\u0119camy do pobrania i przeczytania naszych bran\u017cowych czasopism.<br \/>\nPrezentacje prelegent\u00f3w zostan\u0105 udost\u0119pnione do tygodnia po zako\u0144czeniu obrad konferencji&#8221; font_container=&#8221;tag:h2|text_align:center|color:%23ffffff&#8221; google_fonts=&#8221;font_family:Lato%3A100%2C100italic%2C300%2C300italic%2Cregular%2Citalic%2C700%2C700italic%2C900%2C900italic|font_style:900%20bold%20regular%3A900%3Anormal&#8221; css=&#8221;.vc_custom_1679314485053{background-color: #006633 !important;}&#8221;][vc_empty_space height=&#8221;12&#8243;][\/vc_column][\/vc_row][vc_row][vc_column width=&#8221;1\/4&#8243;][\/vc_column][vc_column width=&#8221;1\/4&#8243;][vc_custom_heading text=&#8221;Przegl\u0105d Komunalny&#8221; font_container=&#8221;tag:h2|text_align:center&#8221; google_fonts=&#8221;font_family:Lato%3A100%2C100italic%2C300%2C300italic%2Cregular%2Citalic%2C700%2C700italic%2C900%2C900italic|font_style:400%20regular%3A400%3Anormal&#8221;][vc_empty_space height=&#8221;20&#8243;][vc_single_image image=&#8221;4834&#8243; img_size=&#8221;&#8221; alignment=&#8221;center&#8221; style=&#8221;vc_box_shadow&#8221; onclick=&#8221;custom_link&#8221; img_link_target=&#8221;_blank&#8221; link=&#8221;https:\/\/onlinezsee.abrys.pl\/wp-content\/uploads\/2023\/03\/PK_03_2023_small.pdf&#8221;][\/vc_column][vc_column width=&#8221;1\/4&#8243;][vc_custom_heading text=&#8221;Energia Recykling&#8221; font_container=&#8221;tag:h2|text_align:center&#8221; google_fonts=&#8221;font_family:Lato%3A100%2C100italic%2C300%2C300italic%2Cregular%2Citalic%2C700%2C700italic%2C900%2C900italic|font_style:400%20regular%3A400%3Anormal&#8221;][vc_empty_space height=&#8221;20&#8243;][vc_single_image image=&#8221;4835&#8243; img_size=&#8221;&#8221; alignment=&#8221;center&#8221; style=&#8221;vc_box_shadow&#8221; onclick=&#8221;custom_link&#8221; img_link_target=&#8221;_blank&#8221; link=&#8221;https:\/\/onlinezsee.abrys.pl\/wp-content\/uploads\/2023\/03\/ER_03_2023.pdf&#8221;][\/vc_column][vc_column width=&#8221;1\/4&#8243;][\/vc_column][\/vc_row][vc_row][vc_column width=&#8221;1\/3&#8243;][vc_empty_space height=&#8221;80px&#8221;][\/vc_column][vc_column width=&#8221;1\/3&#8243;][vc_empty_space height=&#8221;80px&#8221;][\/vc_column][vc_column width=&#8221;1\/3&#8243;][vc_empty_space height=&#8221;80px&#8221;][\/vc_column][\/vc_row][vc_row][vc_column width=&#8221;1\/3&#8243;][vc_custom_heading text=&#8221;Grzyb Andrzej,<br \/>\nPose\u0142 na Sejm&#8221; google_fonts=&#8221;font_family:Lato%3A100%2C100italic%2C300%2C300italic%2Cregular%2Citalic%2C700%2C700italic%2C900%2C900italic|font_style:400%20regular%3A400%3Anormal&#8221;][vc_single_image image=&#8221;4102&#8243; onclick=&#8221;custom_link&#8221; img_link_target=&#8221;_blank&#8221; link=&#8221;https:\/\/onlinezsee.abrys.pl\/wp-content\/uploads\/2023\/04\/Grzyb-Andrzej.pdf&#8221;][vc_empty_space height=&#8221;80px&#8221;][\/vc_column][vc_column width=&#8221;1\/3&#8243;][vc_custom_heading text=&#8221;Kubicki Bartosz, Elektrorecykling&#8221; google_fonts=&#8221;font_family:Lato%3A100%2C100italic%2C300%2C300italic%2Cregular%2Citalic%2C700%2C700italic%2C900%2C900italic|font_style:400%20regular%3A400%3Anormal&#8221;][vc_single_image image=&#8221;4102&#8243; onclick=&#8221;custom_link&#8221; img_link_target=&#8221;_blank&#8221; link=&#8221;https:\/\/onlinezsee.abrys.pl\/wp-content\/uploads\/2023\/04\/Kubicki-Bartosz.pdf&#8221;][vc_empty_space height=&#8221;80px&#8221;][\/vc_column][vc_column width=&#8221;1\/3&#8243;][vc_custom_heading text=&#8221;Lebiecki Przemys\u0142aw,<br \/>\nBiosystem SA&#8221; google_fonts=&#8221;font_family:Lato%3A100%2C100italic%2C300%2C300italic%2Cregular%2Citalic%2C700%2C700italic%2C900%2C900italic|font_style:400%20regular%3A400%3Anormal&#8221;][vc_single_image image=&#8221;4102&#8243; onclick=&#8221;custom_link&#8221; img_link_target=&#8221;_blank&#8221; link=&#8221;https:\/\/onlinezsee.abrys.pl\/wp-content\/uploads\/2023\/04\/Lebiecki-Przemyslaw.pdf&#8221;][vc_empty_space height=&#8221;80px&#8221;][\/vc_column][\/vc_row][vc_row][vc_column width=&#8221;1\/3&#8243;][vc_custom_heading text=&#8221;Maj Rados\u0142aw,<br \/>\nApplia Polska&#8221; google_fonts=&#8221;font_family:Lato%3A100%2C100italic%2C300%2C300italic%2Cregular%2Citalic%2C700%2C700italic%2C900%2C900italic|font_style:400%20regular%3A400%3Anormal&#8221;][vc_single_image image=&#8221;4102&#8243; onclick=&#8221;custom_link&#8221; img_link_target=&#8221;_blank&#8221; link=&#8221;https:\/\/onlinezsee.abrys.pl\/wp-content\/uploads\/2023\/04\/Maj-Radoslaw.pdf&#8221;][vc_empty_space height=&#8221;80px&#8221;][\/vc_column][vc_column width=&#8221;1\/3&#8243;][vc_custom_heading text=&#8221;Milkiewicz Zbigniew,<br \/>\nStrategic Metals&#8221; google_fonts=&#8221;font_family:Lato%3A100%2C100italic%2C300%2C300italic%2Cregular%2Citalic%2C700%2C700italic%2C900%2C900italic|font_style:400%20regular%3A400%3Anormal&#8221;][vc_single_image image=&#8221;4102&#8243; onclick=&#8221;custom_link&#8221; img_link_target=&#8221;_blank&#8221; link=&#8221;https:\/\/onlinezsee.abrys.pl\/wp-content\/uploads\/2023\/04\/Milkiewicz-Zbigniew.pdf&#8221;][vc_empty_space height=&#8221;80px&#8221;][\/vc_column][vc_column width=&#8221;1\/3&#8243;][vc_custom_heading text=&#8221;Mo\u0144ka Piotr,<br \/>\nEKO PM&#8221; google_fonts=&#8221;font_family:Lato%3A100%2C100italic%2C300%2C300italic%2Cregular%2Citalic%2C700%2C700italic%2C900%2C900italic|font_style:400%20regular%3A400%3Anormal&#8221;][vc_single_image image=&#8221;4102&#8243; onclick=&#8221;custom_link&#8221; img_link_target=&#8221;_blank&#8221; link=&#8221;https:\/\/onlinezsee.abrys.pl\/wp-content\/uploads\/2023\/04\/Monka-Piotr-2.pdf&#8221;][vc_empty_space height=&#8221;80px&#8221;][\/vc_column][\/vc_row][vc_row][vc_column width=&#8221;1\/3&#8243;][vc_custom_heading text=&#8221;Paw\u0142ucka Dorota,<br \/>\nG\u00f3rno\u015bl\u0105sko-Zag\u0142\u0119biowska Metropolia&#8221; google_fonts=&#8221;font_family:Lato%3A100%2C100italic%2C300%2C300italic%2Cregular%2Citalic%2C700%2C700italic%2C900%2C900italic|font_style:400%20regular%3A400%3Anormal&#8221;][vc_single_image image=&#8221;4102&#8243; onclick=&#8221;custom_link&#8221; img_link_target=&#8221;_blank&#8221; link=&#8221;https:\/\/onlinezsee.abrys.pl\/wp-content\/uploads\/2023\/04\/Pawlucka-Dorota.pdf&#8221;][vc_empty_space height=&#8221;80px&#8221;][\/vc_column][vc_column width=&#8221;1\/3&#8243;][vc_custom_heading text=&#8221;Szczepa\u0144ski Krystian,<br \/>\nIO\u015a-PIB&#8221; google_fonts=&#8221;font_family:Lato%3A100%2C100italic%2C300%2C300italic%2Cregular%2Citalic%2C700%2C700italic%2C900%2C900italic|font_style:400%20regular%3A400%3Anormal&#8221;][vc_single_image image=&#8221;4102&#8243; onclick=&#8221;custom_link&#8221; img_link_target=&#8221;_blank&#8221; link=&#8221;https:\/\/onlinezsee.abrys.pl\/wp-content\/uploads\/2023\/04\/Szczepanski-Krystian.pdf&#8221;][vc_empty_space height=&#8221;80px&#8221;][\/vc_column][vc_column width=&#8221;1\/3&#8243;][vc_custom_heading text=&#8221;Urban Sergiusz,<br \/>\nWKB Lawyers&#8221; google_fonts=&#8221;font_family:Lato%3A100%2C100italic%2C300%2C300italic%2Cregular%2Citalic%2C700%2C700italic%2C900%2C900italic|font_style:400%20regular%3A400%3Anormal&#8221;][vc_single_image image=&#8221;4102&#8243; onclick=&#8221;custom_link&#8221; img_link_target=&#8221;_blank&#8221; link=&#8221;https:\/\/onlinezsee.abrys.pl\/wp-content\/uploads\/2023\/04\/Urban-Sergiusz.pdf&#8221;][vc_empty_space height=&#8221;80px&#8221;][\/vc_column][\/vc_row][vc_row][vc_column width=&#8221;1\/2&#8243;][vc_custom_heading text=&#8221;Wawrzonek Robert,<br \/>\nELECTRO-SYSTEM<br \/>\nOrganizacja Odzysku ZSEiE&#8221; font_container=&#8221;tag:h2|text_align:center&#8221; google_fonts=&#8221;font_family:Lato%3A100%2C100italic%2C300%2C300italic%2Cregular%2Citalic%2C700%2C700italic%2C900%2C900italic|font_style:400%20regular%3A400%3Anormal&#8221;][vc_single_image image=&#8221;4102&#8243; alignment=&#8221;center&#8221; onclick=&#8221;custom_link&#8221; img_link_target=&#8221;_blank&#8221; link=&#8221;https:\/\/onlinezsee.abrys.pl\/wp-content\/uploads\/2023\/04\/Wawrzonek-Robert-2.pdf&#8221;][\/vc_column][vc_column width=&#8221;1\/2&#8243;][vc_empty_space height=&#8221;25px&#8221;][vc_custom_heading text=&#8221;Zadr\u0105g Marek,<br \/>\nInterzero&#8221; google_fonts=&#8221;font_family:Lato%3A100%2C100italic%2C300%2C300italic%2Cregular%2Citalic%2C700%2C700italic%2C900%2C900italic|font_style:400%20regular%3A400%3Anormal&#8221;][vc_single_image image=&#8221;4102&#8243; onclick=&#8221;custom_link&#8221; img_link_target=&#8221;_blank&#8221; link=&#8221;https:\/\/onlinezsee.abrys.pl\/wp-content\/uploads\/2023\/04\/Zadrag-Marek.pdf&#8221;][\/vc_column][\/vc_row]<\/p>\n","protected":false},"excerpt":{"rendered":"[vc_row][vc_column][vc_custom_heading text=&#8221;Zach\u0119camy do pobrania i przeczytania naszych bran\u017cowych czasopism. Prezentacje prelegent\u00f3w zostan\u0105 udost\u0119pnione do tygodnia po zako\u0144czeniu obrad konferencji&#8221; font_container=&#8221;tag:h2|text_align:center|color:%23ffffff&#8221; google_fonts=&#8221;font_family:Lato%3A100%2C100italic%2C300%2C300italic%2Cregular%2Citalic%2C700%2C700italic%2C900%2C900italic|font_style:900%20bold%20regular%3A900%3Anormal&#8221; css=&#8221;.vc_custom_1679314485053{background-color: #006633 !important;}&#8221;][vc_empty_space height=&#8221;12&#8243;][\/vc_column][\/vc_row][vc_row][vc_column width=&#8221;1\/4&#8243;][\/vc_column][vc_column width=&#8221;1\/4&#8243;][vc_custom_heading text=&#8221;Przegl\u0105d Komunalny&#8221; font_container=&#8221;tag:h2|text_align:center&#8221; [&#8230;]","protected":false},"author":2,"featured_media":0,"parent":0,"menu_order":0,"comment_status":"closed","ping_status":"closed","template":"","meta":[],"_links":{"self":[{"href":"https:\/\/onlinezsee.abrys.pl\/index.php\/wp-json\/wp\/v2\/pages\/4074"}],"collection":[{"href":"https:\/\/onlinezsee.abrys.pl\/index.php\/wp-json\/wp\/v2\/pages"}],"about":[{"href":"https:\/\/onlinezsee.abrys.pl\/index.php\/wp-json\/wp\/v2\/types\/page"}],"author":[{"embeddable":true,"href":"https:\/\/onlinezsee.abrys.pl\/index.php\/wp-json\/wp\/v2\/users\/2"}],"replies":[{"embeddable":true,"href":"https:\/\/onlinezsee.abrys.pl\/index.php\/wp-json\/wp\/v2\/comments?post=4074"}],"version-history":[{"count":66,"href":"https:\/\/onlinezsee.abrys.pl\/index.php\/wp-json\/wp\/v2\/pages\/4074\/revisions"}],"predecessor-version":[{"id":4934,"href":"https:\/\/onlinezsee.abrys.pl\/index.php\/wp-json\/wp\/v2\/pages\/4074\/revisions\/4934"}],"wp:attachment":[{"href":"https:\/\/onlinezsee.abrys.pl\/index.php\/wp-json\/wp\/v2\/media?parent=4074"}],"curies":[{"name":"wp","href":"https:\/\/api.w.org\/{rel}","templated":true}]}}